{"id":5755,"date":"2024-06-14T01:30:48","date_gmt":"2024-06-14T01:30:48","guid":{"rendered":"https:\/\/cloudsocservices.eu\/politica-de-cookies-ue\/"},"modified":"2024-07-23T15:04:49","modified_gmt":"2024-07-23T15:04:49","slug":"politica-de-cookies-ue","status":"publish","type":"page","link":"https:\/\/cloudsocservices.eu\/pt-pt\/politica-de-cookies-ue\/","title":{"rendered":"Pol\u00edtica de cookies (UE)"},"content":{"rendered":"\t\t<div data-elementor-type=\"wp-page\" data-elementor-id=\"5755\" class=\"elementor elementor-5755 elementor-5032\" data-elementor-post-type=\"page\">\n\t\t\t\t\t\t<section class=\"elementor-section elementor-top-section elementor-element elementor-element-14890b0 elementor-section-boxed elementor-section-height-default elementor-section-height-default\" data-id=\"14890b0\" data-element_type=\"section\">\n\t\t\t\t\t\t<div class=\"elementor-container elementor-column-gap-default\">\n\t\t\t\t\t<div class=\"elementor-column elementor-col-100 elementor-top-column elementor-element elementor-element-4962055\" data-id=\"4962055\" data-element_type=\"column\">\n\t\t\t<div class=\"elementor-widget-wrap elementor-element-populated\">\n\t\t\t\t\t\t<div class=\"elementor-element elementor-element-796258b elementor-widget elementor-widget-heading\" data-id=\"796258b\" data-element_type=\"widget\" data-widget_type=\"heading.default\">\n\t\t\t\t<div class=\"elementor-widget-container\">\n\t\t\t<h1 class=\"elementor-heading-title elementor-size-default\">Pol\u00edtica de cookies (UE)<\/h1>\t\t<\/div>\n\t\t\t\t<\/div>\n\t\t\t\t\t<\/div>\n\t\t<\/div>\n\t\t\t\t\t<\/div>\n\t\t<\/section>\n\t\t\t\t<section class=\"elementor-section elementor-top-section elementor-element elementor-element-373af31 elementor-section-boxed elementor-section-height-default elementor-section-height-default\" data-id=\"373af31\" data-element_type=\"section\">\n\t\t\t\t\t\t<div class=\"elementor-container elementor-column-gap-default\">\n\t\t\t\t\t<div class=\"elementor-column elementor-col-100 elementor-top-column elementor-element elementor-element-6c161e8\" data-id=\"6c161e8\" data-element_type=\"column\">\n\t\t\t<div class=\"elementor-widget-wrap elementor-element-populated\">\n\t\t\t\t\t\t<div class=\"elementor-element elementor-element-809521e elementor-widget elementor-widget-html\" data-id=\"809521e\" data-element_type=\"widget\" data-widget_type=\"html.default\">\n\t\t\t\t<div class=\"elementor-widget-container\">\n\t\t\t<h1 class=\"u-align-left u-text u-text-default-lg u-text-default-xl u-text-1\" data-animation-name=\"customAnimationIn\" data-animation-duration=\"1500\">  Pol\u00edtica de cookies (UE)<\/h1><p class=\"u-align-justify u-text u-text-2\" data-animation-name=\"customAnimationIn\" data-animation-duration=\"1500\"><i>Esta Pol\u00edtica de Cookies foi actualizada pela \u00faltima vez em 17 de dezembro de 2021 e aplica-se aos cidad\u00e3os e residentes permanentes legais do Espa\u00e7o Econ\u00f3mico Europeu e da Su\u00ed\u00e7a.<\/i><\/p><div class=\"u-list u-list-1\"><div class=\"u-repeater u-repeater-1\"><div class=\"u-container-style u-list-item u-repeater-item\"><div class=\"u-container-layout u-similar-container u-container-layout-1\"><h5 class=\"u-align-justify u-custom-item u-text u-text-3\" data-animation-name=\"\" data-animation-duration=\"0\" data-animation-delay=\"0\" data-animation-direction=\"\">  1.\nIntroducci\u00f3n <\/h5><p class=\"u-align-justify u-custom-item u-text u-text-4\">  O nosso s\u00edtio Web,&nbsp;&nbsp;https:\/\/cloudsocservices.eu\/ (doravante: \"o s\u00edtio Web\") utiliza cookies e outras tecnologias relacionadas (por conveni\u00eancia, todas as tecnologias s\u00e3o referidas como \"cookies\").\nOs cookies s\u00e3o tamb\u00e9m colocados por terceiros com os quais celebr\u00e1mos contratos.\nNo documento que se segue, informamos-te sobre a utiliza\u00e7\u00e3o de cookies no nosso s\u00edtio Web.  <\/p><\/div><\/div><div class=\"u-container-style u-list-item u-repeater-item\"><div class=\"u-container-layout u-similar-container u-container-layout-2\"><h5 class=\"u-align-justify u-custom-item u-text u-text-5\" data-animation-name=\"\" data-animation-duration=\"0\" data-animation-delay=\"0\" data-animation-direction=\"\">  2.\n\u00bfQu\u00e9 son las cookies? <\/h5><p class=\"u-align-justify u-custom-item u-text u-text-6\">  Um cookie \u00e9 um pequeno ficheiro que \u00e9 enviado juntamente com as p\u00e1ginas deste s\u00edtio Web e armazenado pelo teu browser no disco r\u00edgido do teu computador ou outro dispositivo.\nA informa\u00e7\u00e3o armazenada pode ser devolvida aos nossos servidores ou a servidores de terceiros apropriados durante uma visita subsequente. <\/p><\/div><\/div><div class=\"u-container-style u-list-item u-repeater-item\"><div class=\"u-container-layout u-similar-container u-container-layout-3\"><h5 class=\"u-align-justify u-custom-item u-text u-text-7\" data-animation-name=\"\" data-animation-duration=\"0\" data-animation-delay=\"0\" data-animation-direction=\"\">  3.\n\u00bfQu\u00e9 son los scripts? <\/h5><p class=\"u-align-justify u-custom-item u-text u-text-8\">  Um script \u00e9 um peda\u00e7o de c\u00f3digo de programa que \u00e9 utilizado para fazer com que o nosso s\u00edtio Web funcione corretamente e de forma interactiva.\nEste c\u00f3digo \u00e9 executado no nosso servidor ou no teu dispositivo. <\/p><\/div><\/div><div class=\"u-container-style u-list-item u-repeater-item\"><div class=\"u-container-layout u-similar-container u-container-layout-4\"><h5 class=\"u-align-justify u-custom-item u-text u-text-9\" data-animation-name=\"\" data-animation-duration=\"0\" data-animation-delay=\"0\" data-animation-direction=\"\">  4.\n\u00bfQu\u00e9 es un web beacon? <\/h5><p class=\"u-align-justify u-custom-item u-text u-text-10\">  Um web beacon (ou pixel tag) \u00e9 um pequeno peda\u00e7o de texto ou imagem invis\u00edvel num s\u00edtio Web que \u00e9 utilizado para monitorizar o tr\u00e1fego num s\u00edtio Web.\nPara tal, estes web beacons armazenam v\u00e1rios dados sobre ti. <\/p><\/div><\/div><\/div><\/div><h5 class=\"u-align-justify u-text u-text-11\" data-animation-name=\"\" data-animation-duration=\"0\" data-animation-delay=\"0\" data-animation-direction=\"\">  5.\nCookies <\/h5><div class=\"u-list u-list-2\"><div class=\"u-repeater u-repeater-2\"><div class=\"u-container-style u-list-item u-repeater-item\"><div class=\"u-container-layout u-similar-container u-container-layout-5\"><h6 class=\"u-align-justify u-custom-item u-text u-text-12\">  5.1 Cookies t\u00e9cnicos ou funcionais<\/h6><p class=\"u-align-justify u-custom-item u-text u-text-13\">  Alguns cookies garantem que certas partes do s\u00edtio Web funcionam corretamente e que as tuas prefer\u00eancias de utilizador s\u00e3o recordadas.\nAo colocar cookies funcionais, facilitamos a tua visita ao nosso s\u00edtio Web.\nDesta forma, n\u00e3o precisas de introduzir repetidamente as mesmas informa\u00e7\u00f5es quando visitas o nosso s\u00edtio Web e, por exemplo, os artigos permanecem no teu cesto de compras at\u00e9 teres efectuado o pagamento.\nPodemos colocar estes cookies sem o teu consentimento.   <\/p><\/div><\/div><div class=\"u-container-style u-list-item u-repeater-item\"><div class=\"u-container-layout u-similar-container u-container-layout-6\"><h6 class=\"u-align-justify u-custom-item u-text u-text-14\">  5.2 Biscoitos estat\u00edsticos<\/h6><p class=\"u-align-justify u-custom-item u-text u-text-15\">  Utilizamos cookies estat\u00edsticos para otimizar a experi\u00eancia dos nossos utilizadores no s\u00edtio Web.\n&nbsp;Com estes cookies estat\u00edsticos obtemos informa\u00e7\u00f5es sobre a utiliza\u00e7\u00e3o do nosso s\u00edtio Web. Pedimos a tua autoriza\u00e7\u00e3o para colocar cookies estat\u00edsticos. <\/p><\/div><\/div><div class=\"u-container-style u-list-item u-repeater-item\"><div class=\"u-container-layout u-similar-container u-container-layout-7\"><h6 class=\"u-align-justify u-custom-item u-text u-text-16\">  5.3 Cookies de publicidade<\/h6><p class=\"u-align-justify u-custom-item u-text u-text-17\">  Utilizamos cookies de publicidade neste s\u00edtio Web, o que nos permite personalizar os an\u00fancios para ti, e n\u00f3s (e terceiros) obtemos informa\u00e7\u00f5es sobre os resultados da campanha.\nIsto acontece com base num perfil que criamos com os teus cliques e a tua navega\u00e7\u00e3o dentro e fora do nosso s\u00edtio Web. &nbsp;&nbsp;https:\/\/cloudsocservices.eu\/ .\nCom estes cookies, tu, enquanto visitante do s\u00edtio Web, est\u00e1s ligado a um ID \u00fanico, pelo que n\u00e3o ver\u00e1s o mesmo an\u00fancio mais do que uma vez, por exemplo. <\/p><\/div><\/div><div class=\"u-container-style u-list-item u-repeater-item\"><div class=\"u-container-layout u-similar-container u-container-layout-8\"><h6 class=\"u-align-justify u-custom-item u-text u-text-18\">  5.4 Cookies de marketing\/rastreamento<\/h6><p class=\"u-align-justify u-custom-item u-text u-text-19\">  Os cookies de marketing\/rastreamento s\u00e3o cookies, ou qualquer outra forma de armazenamento local, utilizados para criar perfis de utilizador para apresentar publicidade ou para rastrear o utilizador neste s\u00edtio Web ou em v\u00e1rios s\u00edtios Web para fins de marketing semelhantes.<br> <br>Uma vez que estes cookies est\u00e3o marcados como cookies de rastreio, pedimos a tua autoriza\u00e7\u00e3o para os colocar.<\/p><\/div><\/div><\/div><\/div><h5 class=\"u-align-justify u-text u-text-20\" data-animation-name=\"\" data-animation-duration=\"0\" data-animation-delay=\"0\" data-animation-direction=\"\">6. cookies utilizados<\/h5><div class=\"u-table u-table-responsive u-table-1\"><table class=\"u-table-entity\"><colgroup><col width=\"25.3%\"><col width=\"16.1%\"><col width=\"14%\"><col width=\"44.6%\"><\/colgroup><thead class=\"u-align-center u-table-header u-table-header-1\"><tr style=\"height: 44px;\"><th class=\"u-border-1 u-border-grey-dark-1 u-table-cell\">cookie<\/th><th class=\"u-border-1 u-border-grey-dark-1 u-table-cell\">tipo<\/th><th class=\"u-border-1 u-border-grey-dark-1 u-table-cell\">dura\u00e7\u00e3o<\/th><th class=\"u-border-1 u-border-grey-dark-1 u-table-cell\">objetivo<\/th><\/tr><\/thead><tbody class=\"u-align-center u-table-body\"><tr style=\"height: 165px;\"><td class=\"u-border-1 u-border-grey-dark-1 u-table-cell\">_ga<\/td><td class=\"u-border-1 u-border-grey-dark-1 u-table-cell\">an\u00e1lises<\/td><td class=\"u-border-1 u-border-grey-dark-1 u-table-cell\">2 anos<\/td><td class=\"u-border-1 u-border-grey-dark-1 u-table-cell\">  O cookie _ga, definido pelo Google Analytics, calcula os dados do visitante, da sess\u00e3o e da campanha e tamb\u00e9m rastreia a utiliza\u00e7\u00e3o do s\u00edtio para relat\u00f3rios anal\u00edticos do s\u00edtio.\nO cookie \u00e9 armazenado durante 2 anos. <\/td><\/tr><tr style=\"height: 213px;\"><td class=\"u-border-1 u-border-grey-dark-1 u-table-cell\">_gid<\/td><td class=\"u-border-1 u-border-grey-dark-1 u-table-cell\">an\u00e1lises<\/td><td class=\"u-border-1 u-border-grey-dark-1 u-table-cell\">1 dia<\/td><td class=\"u-border-1 u-border-grey-dark-1 u-table-cell\">  Definido pelo Google Analytics, o cookie _gid armazena informa\u00e7\u00f5es sobre a forma como os visitantes utilizam um s\u00edtio Web, criando tamb\u00e9m um relat\u00f3rio anal\u00edtico do desempenho do s\u00edtio Web.\nAlguns dos dados recolhidos incluem o n\u00famero de visitantes, a sua origem e as p\u00e1ginas que visitam de forma an\u00f3nima. <\/td><\/tr><tr style=\"height: 140px;\"><td class=\"u-border-1 u-border-grey-dark-1 u-table-cell u-table-cell-13\">_gat<\/td><td class=\"u-border-1 u-border-grey-dark-1 u-table-cell\">anal\u00edtica<\/td><td class=\"u-border-1 u-border-grey-dark-1 u-table-cell\">1 minuto<\/td><td class=\"u-border-1 u-border-grey-dark-1 u-table-cell\"> O Google Universal Analytics define este cookie para restringir a taxa de pedidos e, assim, limitar a recolha de dados em sites com muito tr\u00e1fego.<\/td><\/tr><tr style=\"height: 140px;\"><td class=\"u-border-1 u-border-grey-dark-1 u-table-cell u-table-cell-17\">cookielawinfo-checkbox-analiticas<\/td><td class=\"u-border-1 u-border-grey-dark-1 u-table-cell\">necess\u00e1rio<\/td><td class=\"u-border-1 u-border-grey-dark-1 u-table-cell\">1 ano<\/td><td class=\"u-border-1 u-border-grey-dark-1 u-table-cell\">Definido pelo complemento de consentimento de cookies do RGPD, este cookie \u00e9 utilizado para armazenar o consentimento do utilizador para os cookies da categoria.<\/td><\/tr><tr style=\"height: 140px;\"><td class=\"u-border-1 u-border-grey-dark-1 u-table-cell u-table-cell-21\">cookielawinfo-checkbox-necessary<\/td><td class=\"u-border-1 u-border-grey-dark-1 u-table-cell\">necess\u00e1rio<\/td><td class=\"u-border-1 u-border-grey-dark-1 u-table-cell\">1 ano<\/td><td class=\"u-border-1 u-border-grey-dark-1 u-table-cell\">Definido pelo complemento de consentimento de cookies do RGPD para registar o consentimento do utilizador para cookies na categoria \"necess\u00e1rio\".<\/td><\/tr><\/tbody><\/table><\/div><h5 class=\"u-align-justify u-text u-text-21\" data-animation-name=\"\" data-animation-duration=\"0\" data-animation-delay=\"0\" data-animation-direction=\"\">7. Consentimento<\/h5><p class=\"u-align-justify u-text u-text-22\">  Quando visitares o nosso s\u00edtio Web pela primeira vez, mostrar-te-emos uma janela pop-up com uma explica\u00e7\u00e3o sobre os cookies.\nAssim que clicares em \"Guardar prefer\u00eancias\", concordas com a nossa utiliza\u00e7\u00e3o das categorias de cookies e plugins que seleccionaste na janela pop-up, tal como descrito nesta pol\u00edtica de cookies.\nPodes desativar a utiliza\u00e7\u00e3o de cookies atrav\u00e9s do teu browser, mas tem em aten\u00e7\u00e3o que o nosso s\u00edtio Web pode deixar de funcionar corretamente.  <\/p><h6 class=\"u-align-justify u-text u-text-23\">  7.1 Gerir as tuas defini\u00e7\u00f5es de consentimento<\/h6><div class=\"u-accordion u-accordion-1\"><div class=\"u-accordion-item\"> <a class=\"active u-accordion-link u-border-1 u-border-grey-75 u-button-style u-palette-2-light-3 u-text-black u-accordion-link-1\" id=\"link-03ec\" aria-controls=\"03ec\" aria-selected=\"true\"> <span class=\"u-accordion-link-text\">  Funcional<\/span> <\/a><div class=\"u-accordion-active u-accordion-pane u-align-justify u-container-style u-accordion-pane-1\" id=\"03ec\" aria-labelledby=\"link-03ec\"><div class=\"u-container-layout u-container-layout-9\"><p class=\"u-text u-text-default u-text-24\">  O armazenamento ou o acesso t\u00e9cnico \u00e9 estritamente necess\u00e1rio para o objetivo leg\u00edtimo de permitir a utiliza\u00e7\u00e3o de um servi\u00e7o espec\u00edfico explicitamente solicitado pelo assinante ou utilizador, ou com o \u00fanico objetivo de efetuar a transmiss\u00e3o de uma comunica\u00e7\u00e3o atrav\u00e9s de uma rede de comunica\u00e7\u00f5es electr\u00f3nicas.<\/p><\/div><\/div><\/div><div class=\"u-accordion-item\"> <a class=\"u-accordion-link u-border-1 u-border-grey-75 u-button-style u-palette-2-light-3 u-text-black u-accordion-link-2\" id=\"link-2c66\" aria-controls=\"2c66\" aria-selected=\"false\"> <span class=\"u-accordion-link-text\">Estat\u00edsticas<\/span> <\/a><div class=\"u-accordion-pane u-container-style u-accordion-pane-2\" id=\"2c66\" aria-labelledby=\"link-2c66\"><div class=\"u-container-layout u-container-layout-10\"><p class=\"u-text u-text-default u-text-25\">  Armazenamento t\u00e9cnico ou acesso que \u00e9 utilizado exclusivamente para fins estat\u00edsticos.<\/p><\/div><\/div><\/div><div class=\"u-accordion-item\"> <a class=\"u-accordion-link u-border-1 u-border-grey-75 u-button-style u-palette-2-light-3 u-text-black u-accordion-link-3\" id=\"link-cf52\" aria-controls=\"cf52\" aria-selected=\"false\"> <span class=\"u-accordion-link-text\">Marketing<\/span> <\/a><div class=\"u-accordion-pane u-align-justify u-container-style u-accordion-pane-3\" id=\"cf52\" aria-labelledby=\"link-cf52\"><div class=\"u-container-layout u-container-layout-11\"><p class=\"u-custom-font u-heading-font u-text u-text-default u-text-26\">  O armazenamento ou acesso t\u00e9cnico \u00e9 necess\u00e1rio para criar perfis de utilizador para enviar publicidade ou para seguir o utilizador num s\u00edtio Web ou em v\u00e1rios s\u00edtios Web para fins de marketing semelhantes.<\/p><\/div><\/div><\/div><\/div><h5 class=\"u-align-justify u-text u-text-27\" data-animation-name=\"\" data-animation-duration=\"0\" data-animation-delay=\"0\" data-animation-direction=\"\">  8.\nActivaci\u00f3n\/desactivaci\u00f3n y eliminaci\u00f3n de cookies <\/h5><p class=\"u-align-justify u-heading-font u-text u-text-28\">  Podes utilizar o teu programa de navega\u00e7\u00e3o na Internet para apagar os cookies autom\u00e1tica ou manualmente.\nTamb\u00e9m podes especificar que certos cookies n\u00e3o podem ser colocados.\nEm alternativa, podes alterar as defini\u00e7\u00f5es do teu browser da Internet para receberes uma mensagem sempre que um cookie \u00e9 colocado.\nPara mais informa\u00e7\u00f5es sobre estas op\u00e7\u00f5es, consulta as instru\u00e7\u00f5es na sec\u00e7\u00e3o \"Ajuda\" do teu browser.   <br> <br>Tem em aten\u00e7\u00e3o que o nosso s\u00edtio Web pode n\u00e3o funcionar corretamente se todos os cookies estiverem desactivados.\nSe apagares os cookies do teu browser, eles ser\u00e3o novamente colocados ap\u00f3s o teu consentimento quando voltares a visitar os nossos s\u00edtios Web. <\/p><h5 class=\"u-align-justify u-text u-text-29\" data-animation-name=\"\" data-animation-duration=\"0\" data-animation-delay=\"0\" data-animation-direction=\"\">  9.\nTus derechos con respecto a los datos personales <\/h5><p class=\"u-align-justify u-heading-font u-text u-text-30\">  Tens os seguintes direitos em rela\u00e7\u00e3o aos teus dados pessoais:<br><\/p><ul class=\"u-align-left u-text u-text-31\"><li>  Tens o direito de saber por que raz\u00e3o os teus dados pessoais s\u00e3o necess\u00e1rios, o que lhes vai acontecer e durante quanto tempo ser\u00e3o conservados.<\/li><li>Direito de acesso: tens o direito de aceder aos teus dados pessoais que conhecemos sobre ti.<\/li><li>Direito de retifica\u00e7\u00e3o: tens o direito de completar, retificar, apagar ou bloquear os teus dados pessoais em qualquer altura.<\/li><li>Se nos deres o teu consentimento para o tratamento dos teus dados, tens o direito de revogar esse consentimento e de solicitar a elimina\u00e7\u00e3o dos teus dados pessoais.<\/li><li>Direito de transferir os teus dados: tens o direito de solicitar todos os teus dados pessoais ao respons\u00e1vel pelo tratamento e de os transferir integralmente para outro respons\u00e1vel pelo tratamento.<\/li><li>Direito de oposi\u00e7\u00e3o: Podes opor-te ao tratamento dos teus dados.\nN\u00f3s cumprimos este direito, a menos que existam motivos justificados para o processamento. <\/li><\/ul><p class=\"u-align-justify u-heading-font u-text u-text-32\">  Para exerceres estes direitos, contacta-nos.\nConsulta os dados de contacto na parte inferior desta pol\u00edtica de cookies.\nSe tiveres alguma reclama\u00e7\u00e3o sobre a forma como tratamos os teus dados, gostar\u00edamos de te ouvir, mas tamb\u00e9m tens o direito de apresentar uma reclama\u00e7\u00e3o \u00e0 autoridade de supervis\u00e3o (a autoridade de prote\u00e7\u00e3o de dados).  <\/p><h5 class=\"u-align-justify u-text u-text-33\">  10.\nDatos de contacto <\/h5><p class=\"u-align-justify u-heading-font u-text u-text-34\"> <br> <br><br><br><br><br>&nbsp; <br>&nbsp;<br>Para perguntas e\/ou coment\u00e1rios sobre a nossa pol\u00edtica de cookies e esta declara\u00e7\u00e3o, contacta-nos atrav\u00e9s dos seguintes dados de contacto: ELECU4TROE INGENIER\u00cdA INFORM\u00c1TICA P\u00ba de la Castellana 40 8\u00ba andar. 28046 - Madrid Espanha Web:<a href=\"https:\/\/cloudsocservices.eu\/\" class=\"u-btn u-button-link u-button-style u-text-active-palette-1-light-1 u-text-hover-palette-1-base u-text-palette-2-base u-btn-3\" target=\"_blank\" data-animation-name=\"\" data-animation-duration=\"0\" data-animation-delay=\"0\" data-animation-direction=\"\">https:\/\/cloudsocservices.eu\/<\/a> E-mail: info@l4e.es N\u00famero de telefone: 91 405 91 34<\/p><\/div><\/section>\t\t<\/div>\n\t\t\t\t<\/div>\n\t\t\t\t\t<\/div>\n\t\t<\/div>\n\t\t\t\t\t<\/div>\n\t\t<\/section>\n\t\t\t\t<\/div>\n\t\t","protected":false},"excerpt":{"rendered":"<p>Pol\u00edtica de cookies (UE) Pol\u00edtica de cookies (UE) Esta Pol\u00edtica de Cookies foi actualizada pela \u00faltima vez em 17 de dezembro de 2021 e aplica-se aos cidad\u00e3os e residentes permanentes legais do Espa\u00e7o Econ\u00f3mico Europeu e da Su\u00ed\u00e7a. 1. Introducci\u00f3n O nosso s\u00edtio Web,&nbsp;&nbsp;https:\/\/cloudsocservices.eu\/ (doravante: &#8220;o s\u00edtio Web&#8221;) utiliza cookies e outras tecnologias relacionadas (por [&hellip;]<\/p>\n","protected":false},"author":2,"featured_media":0,"parent":0,"menu_order":0,"comment_status":"closed","ping_status":"closed","template":"","meta":{"site-sidebar-layout":"no-sidebar","site-content-layout":"page-builder","ast-site-content-layout":"full-width-container","site-content-style":"default","site-sidebar-style":"default","ast-global-header-display":"","ast-banner-title-visibility":"","ast-main-header-display":"","ast-hfb-above-header-display":"","ast-hfb-below-header-display":"","ast-hfb-mobile-header-display":"","site-post-title":"disabled","ast-breadcrumbs-content":"","ast-featured-img":"disabled","footer-sml-layout":"","theme-transparent-header-meta":"","adv-header-id-meta":"","stick-header-meta":"","header-above-stick-meta":"","header-main-stick-meta":"","header-below-stick-meta":"","astra-migrate-meta-layouts":"default","ast-page-background-enabled":"default","ast-page-background-meta":{"desktop":{"background-color":"","background-image":"","background-repeat":"repeat","background-position":"center center","background-size":"auto","background-attachment":"scroll","background-type":"","background-media":"","overlay-type":"","overlay-color":"","overlay-opacity":"","overlay-gradient":""},"tablet":{"background-color":"","background-image":"","background-repeat":"repeat","background-position":"center center","background-size":"auto","background-attachment":"scroll","background-type":"","background-media":"","overlay-type":"","overlay-color":"","overlay-opacity":"","overlay-gradient":""},"mobile":{"background-color":"","background-image":"","background-repeat":"repeat","background-position":"center center","background-size":"auto","background-attachment":"scroll","background-type":"","background-media":"","overlay-type":"","overlay-color":"","overlay-opacity":"","overlay-gradient":""}},"ast-content-background-meta":{"desktop":{"background-color":"var(--ast-global-color-5)","background-image":"","background-repeat":"repeat","background-position":"center center","background-size":"auto","background-attachment":"scroll","background-type":"","background-media":"","overlay-type":"","overlay-color":"","overlay-opacity":"","overlay-gradient":""},"tablet":{"background-color":"var(--ast-global-color-5)","background-image":"","background-repeat":"repeat","background-position":"center center","background-size":"auto","background-attachment":"scroll","background-type":"","background-media":"","overlay-type":"","overlay-color":"","overlay-opacity":"","overlay-gradient":""},"mobile":{"background-color":"var(--ast-global-color-5)","background-image":"","background-repeat":"repeat","background-position":"center center","background-size":"auto","background-attachment":"scroll","background-type":"","background-media":"","overlay-type":"","overlay-color":"","overlay-opacity":"","overlay-gradient":""}},"footnotes":""},"class_list":["post-5755","page","type-page","status-publish","hentry"],"_links":{"self":[{"href":"https:\/\/cloudsocservices.eu\/pt-pt\/wp-json\/wp\/v2\/pages\/5755","targetHints":{"allow":["GET"]}}],"collection":[{"href":"https:\/\/cloudsocservices.eu\/pt-pt\/wp-json\/wp\/v2\/pages"}],"about":[{"href":"https:\/\/cloudsocservices.eu\/pt-pt\/wp-json\/wp\/v2\/types\/page"}],"author":[{"embeddable":true,"href":"https:\/\/cloudsocservices.eu\/pt-pt\/wp-json\/wp\/v2\/users\/2"}],"replies":[{"embeddable":true,"href":"https:\/\/cloudsocservices.eu\/pt-pt\/wp-json\/wp\/v2\/comments?post=5755"}],"version-history":[{"count":1,"href":"https:\/\/cloudsocservices.eu\/pt-pt\/wp-json\/wp\/v2\/pages\/5755\/revisions"}],"predecessor-version":[{"id":5757,"href":"https:\/\/cloudsocservices.eu\/pt-pt\/wp-json\/wp\/v2\/pages\/5755\/revisions\/5757"}],"wp:attachment":[{"href":"https:\/\/cloudsocservices.eu\/pt-pt\/wp-json\/wp\/v2\/media?parent=5755"}],"curies":[{"name":"wp","href":"https:\/\/api.w.org\/{rel}","templated":true}]}}