{"id":5735,"date":"2024-06-14T01:25:34","date_gmt":"2024-06-14T01:25:34","guid":{"rendered":"https:\/\/cloudsocservices.eu\/politica-de-protecao-de-dados\/"},"modified":"2024-07-23T15:04:42","modified_gmt":"2024-07-23T15:04:42","slug":"politica-de-protecao-de-dados","status":"publish","type":"page","link":"https:\/\/cloudsocservices.eu\/pt-pt\/politica-de-protecao-de-dados\/","title":{"rendered":"Pol\u00edtica de prote\u00e7\u00e3o de dados"},"content":{"rendered":"\t\t<div data-elementor-type=\"wp-page\" data-elementor-id=\"5735\" class=\"elementor elementor-5735 elementor-5027\" data-elementor-post-type=\"page\">\n\t\t\t\t\t\t<section class=\"elementor-section elementor-top-section elementor-element elementor-element-a5d2625 elementor-section-boxed elementor-section-height-default elementor-section-height-default\" data-id=\"a5d2625\" data-element_type=\"section\">\n\t\t\t\t\t\t<div class=\"elementor-container elementor-column-gap-default\">\n\t\t\t\t\t<div class=\"elementor-column elementor-col-100 elementor-top-column elementor-element elementor-element-434c427\" data-id=\"434c427\" data-element_type=\"column\">\n\t\t\t<div class=\"elementor-widget-wrap elementor-element-populated\">\n\t\t\t\t\t\t<div class=\"elementor-element elementor-element-10244ca elementor-widget elementor-widget-heading\" data-id=\"10244ca\" data-element_type=\"widget\" data-widget_type=\"heading.default\">\n\t\t\t\t<div class=\"elementor-widget-container\">\n\t\t\t<h1 class=\"elementor-heading-title elementor-size-default\">Pol\u00edtica de prote\u00e7\u00e3o de dados<\/h1>\t\t<\/div>\n\t\t\t\t<\/div>\n\t\t\t\t<div class=\"elementor-element elementor-element-83b78e4 elementor-widget elementor-widget-text-editor\" data-id=\"83b78e4\" data-element_type=\"widget\" data-widget_type=\"text-editor.default\">\n\t\t\t\t<div class=\"elementor-widget-container\">\n\t\t\t\t\t\t\t<p class=\"u-align-justify u-text u-text-2 animated customAnimationIn-played\" data-animation-name=\"customAnimationIn\" data-animation-duration=\"1500\">Os dados pessoais facultados atrav\u00e9s deste s\u00edtio web ser\u00e3o tratados pela INGENIER\u00cdA INFORM\u00c1TICA NETCOMPUTER ECUS S.L., sua titular, cujos dados de contacto s\u00e3o os seguintes: Endere\u00e7o: Calle Aguacate, 41. Bloco 3. Construir. 3. <\/p>\n<p>Local 4. Telefone: 916933469 &#8211; 914059134 E-mail:<a class=\"u-btn u-button-link u-button-style u-text-active-palette-1-light-1 u-text-hover-palette-1-base u-text-palette-2-base u-btn-1\" href=\"mailto:info@l4e.es\">info@l4e.es<\/a><\/p>\n<p>O objetivo do tratamento de dados \u00e9 poder contactar o remetente da informa\u00e7\u00e3o, responder ao seu pedido ou consulta e dar seguimento ao mesmo. Os dados ser\u00e3o tratados com a base jur\u00eddica do consentimento da pessoa que os fornece. Esse consentimento pode ser retirado a qualquer momento, mas tal n\u00e3o afecta a legalidade das opera\u00e7\u00f5es de tratamento anteriormente efectuadas. O fornecimento dos dados \u00e9 volunt\u00e1rio, mas o facto de n\u00e3o o fazeres n\u00e3o resultar\u00e1 numa resposta ao pedido, consulta ou reclama\u00e7\u00e3o. Por conseguinte, a comunica\u00e7\u00e3o dos teus dados pessoais para estes fins \u00e9 um requisito necess\u00e1rio para podermos dar resposta aos pedidos efectuados desta forma.<\/p>\n<p>Os dados ser\u00e3o conservados durante o tempo necess\u00e1rio para responder ao teu pedido, solicita\u00e7\u00e3o, consulta ou reclama\u00e7\u00e3o e para os encerrar definitivamente. Posteriormente, ser\u00e3o mantidos como hist\u00f3rico de comunica\u00e7\u00e3o, a menos que solicites a sua elimina\u00e7\u00e3o.<\/p>\n<p>O titular dos dados tem o direito de solicitar o acesso, a retifica\u00e7\u00e3o ou o apagamento dos dados, bem como o direito de limitar o seu tratamento, de se opor ao seu tratamento e \u00e0 portabilidade dos seus dados, nos casos previstos no Regulamento Geral de Prote\u00e7\u00e3o de Dados. Se considerares que algum dos teus direitos foi violado, podes apresentar uma queixa junto da Ag\u00eancia Espanhola de Prote\u00e7\u00e3o de Dados (Agencia Espa\u00f1ola de Protecci\u00f3n de Datos).<\/p>\n<p>Se forem fornecidos dados de terceiros atrav\u00e9s deste s\u00edtio Web, quem o fizer assume a responsabilidade de os informar previamente das disposi\u00e7\u00f5es do artigo 14\u00ba do Regulamento Geral sobre a Prote\u00e7\u00e3o de Dados.<\/p>\n<p>O utilizador \u00e9 respons\u00e1vel pela exatid\u00e3o das informa\u00e7\u00f5es fornecidas atrav\u00e9s deste s\u00edtio Web. Para o efeito, \u00e9 respons\u00e1vel pela veracidade de todos os dados que comunica e manter\u00e1 as informa\u00e7\u00f5es fornecidas devidamente actualizadas, de forma a corresponderem \u00e0 sua situa\u00e7\u00e3o real. O utilizador ser\u00e1 respons\u00e1vel pelas informa\u00e7\u00f5es falsas ou inexactas fornecidas e pelos danos que estas possam causar ao propriet\u00e1rio deste s\u00edtio Web ou a terceiros.<\/p>\n<p>O propriet\u00e1rio deste s\u00edtio Web garante a seguran\u00e7a e a confidencialidade dos dados pessoais fornecidos. Para o efeito, implementou as medidas de seguran\u00e7a t\u00e9cnicas e organizativas necess\u00e1rias para evitar a sua altera\u00e7\u00e3o, perda, tratamento ou acesso n\u00e3o autorizado, em conformidade com as disposi\u00e7\u00f5es da regulamenta\u00e7\u00e3o aplic\u00e1vel.<\/p>\n\t\t\t\t\t\t<\/div>\n\t\t\t\t<\/div>\n\t\t\t\t\t<\/div>\n\t\t<\/div>\n\t\t\t\t\t<\/div>\n\t\t<\/section>\n\t\t\t\t<\/div>\n\t\t","protected":false},"excerpt":{"rendered":"<p>Pol\u00edtica de prote\u00e7\u00e3o de dados Os dados pessoais facultados atrav\u00e9s deste s\u00edtio web ser\u00e3o tratados pela INGENIER\u00cdA INFORM\u00c1TICA NETCOMPUTER ECUS S.L., sua titular, cujos dados de contacto s\u00e3o os seguintes: Endere\u00e7o: Calle Aguacate, 41. Bloco 3. Construir. 3. Local 4. Telefone: 916933469 &#8211; 914059134 E-mail:info@l4e.es O objetivo do tratamento de dados \u00e9 poder contactar o [&hellip;]<\/p>\n","protected":false},"author":2,"featured_media":0,"parent":0,"menu_order":0,"comment_status":"closed","ping_status":"closed","template":"","meta":{"site-sidebar-layout":"no-sidebar","site-content-layout":"page-builder","ast-site-content-layout":"full-width-container","site-content-style":"unboxed","site-sidebar-style":"unboxed","ast-global-header-display":"","ast-banner-title-visibility":"","ast-main-header-display":"","ast-hfb-above-header-display":"","ast-hfb-below-header-display":"","ast-hfb-mobile-header-display":"","site-post-title":"disabled","ast-breadcrumbs-content":"","ast-featured-img":"disabled","footer-sml-layout":"","theme-transparent-header-meta":"default","adv-header-id-meta":"","stick-header-meta":"","header-above-stick-meta":"","header-main-stick-meta":"","header-below-stick-meta":"","astra-migrate-meta-layouts":"default","ast-page-background-enabled":"default","ast-page-background-meta":{"desktop":{"background-color":"","background-image":"","background-repeat":"repeat","background-position":"center center","background-size":"auto","background-attachment":"scroll","background-type":"","background-media":"","overlay-type":"","overlay-color":"","overlay-opacity":"","overlay-gradient":""},"tablet":{"background-color":"","background-image":"","background-repeat":"repeat","background-position":"center center","background-size":"auto","background-attachment":"scroll","background-type":"","background-media":"","overlay-type":"","overlay-color":"","overlay-opacity":"","overlay-gradient":""},"mobile":{"background-color":"","background-image":"","background-repeat":"repeat","background-position":"center center","background-size":"auto","background-attachment":"scroll","background-type":"","background-media":"","overlay-type":"","overlay-color":"","overlay-opacity":"","overlay-gradient":""}},"ast-content-background-meta":{"desktop":{"background-color":"var(--ast-global-color-5)","background-image":"","background-repeat":"repeat","background-position":"center center","background-size":"auto","background-attachment":"scroll","background-type":"","background-media":"","overlay-type":"","overlay-color":"","overlay-opacity":"","overlay-gradient":""},"tablet":{"background-color":"var(--ast-global-color-5)","background-image":"","background-repeat":"repeat","background-position":"center center","background-size":"auto","background-attachment":"scroll","background-type":"","background-media":"","overlay-type":"","overlay-color":"","overlay-opacity":"","overlay-gradient":""},"mobile":{"background-color":"var(--ast-global-color-5)","background-image":"","background-repeat":"repeat","background-position":"center center","background-size":"auto","background-attachment":"scroll","background-type":"","background-media":"","overlay-type":"","overlay-color":"","overlay-opacity":"","overlay-gradient":""}},"footnotes":""},"class_list":["post-5735","page","type-page","status-publish","hentry"],"_links":{"self":[{"href":"https:\/\/cloudsocservices.eu\/pt-pt\/wp-json\/wp\/v2\/pages\/5735","targetHints":{"allow":["GET"]}}],"collection":[{"href":"https:\/\/cloudsocservices.eu\/pt-pt\/wp-json\/wp\/v2\/pages"}],"about":[{"href":"https:\/\/cloudsocservices.eu\/pt-pt\/wp-json\/wp\/v2\/types\/page"}],"author":[{"embeddable":true,"href":"https:\/\/cloudsocservices.eu\/pt-pt\/wp-json\/wp\/v2\/users\/2"}],"replies":[{"embeddable":true,"href":"https:\/\/cloudsocservices.eu\/pt-pt\/wp-json\/wp\/v2\/comments?post=5735"}],"version-history":[{"count":1,"href":"https:\/\/cloudsocservices.eu\/pt-pt\/wp-json\/wp\/v2\/pages\/5735\/revisions"}],"predecessor-version":[{"id":5737,"href":"https:\/\/cloudsocservices.eu\/pt-pt\/wp-json\/wp\/v2\/pages\/5735\/revisions\/5737"}],"wp:attachment":[{"href":"https:\/\/cloudsocservices.eu\/pt-pt\/wp-json\/wp\/v2\/media?parent=5735"}],"curies":[{"name":"wp","href":"https:\/\/api.w.org\/{rel}","templated":true}]}}