{"id":5754,"date":"2024-06-14T01:30:48","date_gmt":"2024-06-14T01:30:48","guid":{"rendered":"https:\/\/cloudsocservices.eu\/politique-en-matiere-de-cookies-ue\/"},"modified":"2024-07-23T15:04:49","modified_gmt":"2024-07-23T15:04:49","slug":"politique-en-matiere-de-cookies-ue","status":"publish","type":"page","link":"https:\/\/cloudsocservices.eu\/fr\/politique-en-matiere-de-cookies-ue\/","title":{"rendered":"Politique en mati\u00e8re de cookies (UE)"},"content":{"rendered":"\t\t<div data-elementor-type=\"wp-page\" data-elementor-id=\"5754\" class=\"elementor elementor-5754 elementor-5032\" data-elementor-post-type=\"page\">\n\t\t\t\t\t\t<section class=\"elementor-section elementor-top-section elementor-element elementor-element-14890b0 elementor-section-boxed elementor-section-height-default elementor-section-height-default\" data-id=\"14890b0\" data-element_type=\"section\">\n\t\t\t\t\t\t<div class=\"elementor-container elementor-column-gap-default\">\n\t\t\t\t\t<div class=\"elementor-column elementor-col-100 elementor-top-column elementor-element elementor-element-4962055\" data-id=\"4962055\" data-element_type=\"column\">\n\t\t\t<div class=\"elementor-widget-wrap elementor-element-populated\">\n\t\t\t\t\t\t<div class=\"elementor-element elementor-element-796258b elementor-widget elementor-widget-heading\" data-id=\"796258b\" data-element_type=\"widget\" data-widget_type=\"heading.default\">\n\t\t\t\t<div class=\"elementor-widget-container\">\n\t\t\t<h1 class=\"elementor-heading-title elementor-size-default\">Politique en mati\u00e8re de cookies (UE)<\/h1>\t\t<\/div>\n\t\t\t\t<\/div>\n\t\t\t\t\t<\/div>\n\t\t<\/div>\n\t\t\t\t\t<\/div>\n\t\t<\/section>\n\t\t\t\t<section class=\"elementor-section elementor-top-section elementor-element elementor-element-373af31 elementor-section-boxed elementor-section-height-default elementor-section-height-default\" data-id=\"373af31\" data-element_type=\"section\">\n\t\t\t\t\t\t<div class=\"elementor-container elementor-column-gap-default\">\n\t\t\t\t\t<div class=\"elementor-column elementor-col-100 elementor-top-column elementor-element elementor-element-6c161e8\" data-id=\"6c161e8\" data-element_type=\"column\">\n\t\t\t<div class=\"elementor-widget-wrap elementor-element-populated\">\n\t\t\t\t\t\t<div class=\"elementor-element elementor-element-809521e elementor-widget elementor-widget-html\" data-id=\"809521e\" data-element_type=\"widget\" data-widget_type=\"html.default\">\n\t\t\t\t<div class=\"elementor-widget-container\">\n\t\t\t<h1 class=\"u-align-left u-text u-text-default-lg u-text-default-xl u-text-1\" data-animation-name=\"customAnimationIn\" data-animation-duration=\"1500\">  Politique en mati\u00e8re de cookies (UE)<\/h1><p class=\"u-align-justify u-text u-text-2\" data-animation-name=\"customAnimationIn\" data-animation-duration=\"1500\"><i>La pr\u00e9sente politique en mati\u00e8re de cookies a \u00e9t\u00e9 mise \u00e0 jour pour la derni\u00e8re fois le 17 d\u00e9cembre 2021 et s'applique aux citoyens et aux r\u00e9sidents permanents l\u00e9gaux de l'Espace \u00e9conomique europ\u00e9en et de la Suisse.<\/i><\/p><div class=\"u-list u-list-1\"><div class=\"u-repeater u-repeater-1\"><div class=\"u-container-style u-list-item u-repeater-item\"><div class=\"u-container-layout u-similar-container u-container-layout-1\"><h5 class=\"u-align-justify u-custom-item u-text u-text-3\" data-animation-name=\"\" data-animation-duration=\"0\" data-animation-delay=\"0\" data-animation-direction=\"\">  1.\nIntroducci\u00f3n <\/h5><p class=\"u-align-justify u-custom-item u-text u-text-4\">  Notre site web,&nbsp;&nbsp;https:\/\/cloudsocservices.eu\/ (ci-apr\u00e8s : \"le site web\") utilise des cookies et d'autres technologies connexes (par commodit\u00e9, toutes les technologies sont d\u00e9sign\u00e9es par le terme \"cookies\").\nDes cookies sont \u00e9galement plac\u00e9s par des tiers avec lesquels nous avons pass\u00e9 des contrats.\nDans le document suivant, nous vous informons sur l'utilisation des cookies sur notre site web.  <\/p><\/div><\/div><div class=\"u-container-style u-list-item u-repeater-item\"><div class=\"u-container-layout u-similar-container u-container-layout-2\"><h5 class=\"u-align-justify u-custom-item u-text u-text-5\" data-animation-name=\"\" data-animation-duration=\"0\" data-animation-delay=\"0\" data-animation-direction=\"\">  2.\n\u00bfQu\u00e9 son las cookies? <\/h5><p class=\"u-align-justify u-custom-item u-text u-text-6\">  Un cookie est un petit fichier envoy\u00e9 avec les pages de ce site web et stock\u00e9 par votre navigateur sur le disque dur de votre ordinateur ou autre appareil.\nLes informations stock\u00e9es peuvent \u00eatre renvoy\u00e9es \u00e0 nos serveurs ou \u00e0 des serveurs tiers appropri\u00e9s lors d'une visite ult\u00e9rieure. <\/p><\/div><\/div><div class=\"u-container-style u-list-item u-repeater-item\"><div class=\"u-container-layout u-similar-container u-container-layout-3\"><h5 class=\"u-align-justify u-custom-item u-text u-text-7\" data-animation-name=\"\" data-animation-duration=\"0\" data-animation-delay=\"0\" data-animation-direction=\"\">  3.\n\u00bfQu\u00e9 son los scripts? <\/h5><p class=\"u-align-justify u-custom-item u-text u-text-8\">  Un script est un morceau de code de programme qui est utilis\u00e9 pour faire fonctionner notre site web correctement et de mani\u00e8re interactive.\nCe code s'ex\u00e9cute sur notre serveur ou sur votre appareil. <\/p><\/div><\/div><div class=\"u-container-style u-list-item u-repeater-item\"><div class=\"u-container-layout u-similar-container u-container-layout-4\"><h5 class=\"u-align-justify u-custom-item u-text u-text-9\" data-animation-name=\"\" data-animation-duration=\"0\" data-animation-delay=\"0\" data-animation-direction=\"\">  4.\n\u00bfQu\u00e9 es un web beacon? <\/h5><p class=\"u-align-justify u-custom-item u-text u-text-10\">  Une balise web (ou pixel tag) est un petit \u00e9l\u00e9ment invisible de texte ou d'image sur un site web qui est utilis\u00e9 pour surveiller le trafic sur un site web.\nPour ce faire, diverses donn\u00e9es vous concernant sont stock\u00e9es par ces balises web. <\/p><\/div><\/div><\/div><\/div><h5 class=\"u-align-justify u-text u-text-11\" data-animation-name=\"\" data-animation-duration=\"0\" data-animation-delay=\"0\" data-animation-direction=\"\">  5.\nCookies <\/h5><div class=\"u-list u-list-2\"><div class=\"u-repeater u-repeater-2\"><div class=\"u-container-style u-list-item u-repeater-item\"><div class=\"u-container-layout u-similar-container u-container-layout-5\"><h6 class=\"u-align-justify u-custom-item u-text u-text-12\">  5.1 Cookies techniques ou fonctionnels<\/h6><p class=\"u-align-justify u-custom-item u-text u-text-13\">  Certains cookies garantissent le bon fonctionnement de certaines parties du site web et la m\u00e9morisation de vos pr\u00e9f\u00e9rences d'utilisateur.\nEn pla\u00e7ant des cookies fonctionnels, nous facilitons votre visite sur notre site web.\nAinsi, vous n'avez pas besoin de saisir plusieurs fois les m\u00eames informations lorsque vous visitez notre site web et, par exemple, les articles restent dans votre panier jusqu'\u00e0 ce que vous les ayez pay\u00e9s.\nNous pouvons placer ces cookies sans votre consentement.   <\/p><\/div><\/div><div class=\"u-container-style u-list-item u-repeater-item\"><div class=\"u-container-layout u-similar-container u-container-layout-6\"><h6 class=\"u-align-justify u-custom-item u-text u-text-14\">  5.2 Cookies statistiques<\/h6><p class=\"u-align-justify u-custom-item u-text u-text-15\">  Nous utilisons des cookies statistiques pour optimiser l'exp\u00e9rience de nos utilisateurs sur le site web.\n&nbsp;Ces cookies statistiques nous permettent d'obtenir des informations sur l'utilisation de notre site web. Nous vous demandons votre autorisation pour placer des cookies statistiques. <\/p><\/div><\/div><div class=\"u-container-style u-list-item u-repeater-item\"><div class=\"u-container-layout u-similar-container u-container-layout-7\"><h6 class=\"u-align-justify u-custom-item u-text u-text-16\">  5.3 Cookies publicitaires<\/h6><p class=\"u-align-justify u-custom-item u-text u-text-17\">  Nous utilisons des cookies publicitaires sur ce site web, ce qui nous permet de personnaliser les publicit\u00e9s pour vous, et nous (et des tiers) obtenons des informations sur les r\u00e9sultats de la campagne.\nCela se fait sur la base d'un profil que nous cr\u00e9ons \u00e0 partir de vos clics et de votre navigation sur et en dehors de notre site web. &nbsp;&nbsp;https:\/\/cloudsocservices.eu\/ .\nCes cookies vous permettent, en tant que visiteur du site web, d'\u00eatre associ\u00e9 \u00e0 un identifiant unique, de sorte que vous ne verrez pas la m\u00eame publicit\u00e9 plus d'une fois, par exemple. <\/p><\/div><\/div><div class=\"u-container-style u-list-item u-repeater-item\"><div class=\"u-container-layout u-similar-container u-container-layout-8\"><h6 class=\"u-align-justify u-custom-item u-text u-text-18\">  5.4 Cookies de marketing\/suivi<\/h6><p class=\"u-align-justify u-custom-item u-text u-text-19\">  Les cookies de marketing\/tra\u00e7age sont des cookies, ou toute autre forme de stockage local, utilis\u00e9s pour cr\u00e9er des profils d'utilisateurs afin d'afficher de la publicit\u00e9 ou de suivre l'utilisateur sur ce site web ou sur divers sites web \u00e0 des fins de marketing similaires.<br> <br>Comme ces cookies sont consid\u00e9r\u00e9s comme des cookies de suivi, nous vous demandons votre autorisation pour les placer.<\/p><\/div><\/div><\/div><\/div><h5 class=\"u-align-justify u-text u-text-20\" data-animation-name=\"\" data-animation-duration=\"0\" data-animation-delay=\"0\" data-animation-direction=\"\">6. cookies utilis\u00e9s<\/h5><div class=\"u-table u-table-responsive u-table-1\"><table class=\"u-table-entity\"><colgroup><col width=\"25.3%\"><col width=\"16.1%\"><col width=\"14%\"><col width=\"44.6%\"><\/colgroup><thead class=\"u-align-center u-table-header u-table-header-1\"><tr style=\"height: 44px;\"><th class=\"u-border-1 u-border-grey-dark-1 u-table-cell\">cookie<\/th><th class=\"u-border-1 u-border-grey-dark-1 u-table-cell\">type<\/th><th class=\"u-border-1 u-border-grey-dark-1 u-table-cell\">dur\u00e9e<\/th><th class=\"u-border-1 u-border-grey-dark-1 u-table-cell\">objectif<\/th><\/tr><\/thead><tbody class=\"u-align-center u-table-body\"><tr style=\"height: 165px;\"><td class=\"u-border-1 u-border-grey-dark-1 u-table-cell\">_ga<\/td><td class=\"u-border-1 u-border-grey-dark-1 u-table-cell\">analytique<\/td><td class=\"u-border-1 u-border-grey-dark-1 u-table-cell\">2 ans<\/td><td class=\"u-border-1 u-border-grey-dark-1 u-table-cell\">  Le cookie _ga, d\u00e9fini par Google Analytics, calcule les donn\u00e9es relatives aux visiteurs, aux sessions et aux campagnes et suit l'utilisation du site pour les rapports d'analyse du site.\nLe cookie est conserv\u00e9 pendant 2 ans. <\/td><\/tr><tr style=\"height: 213px;\"><td class=\"u-border-1 u-border-grey-dark-1 u-table-cell\">_gid<\/td><td class=\"u-border-1 u-border-grey-dark-1 u-table-cell\">analytique<\/td><td class=\"u-border-1 u-border-grey-dark-1 u-table-cell\">1 jour<\/td><td class=\"u-border-1 u-border-grey-dark-1 u-table-cell\">  D\u00e9fini par Google Analytics, le cookie _gid stocke des informations sur la mani\u00e8re dont les visiteurs utilisent un site web, tout en cr\u00e9ant un rapport analytique sur les performances du site.\nCertaines des donn\u00e9es collect\u00e9es comprennent le nombre de visiteurs, leur source et les pages qu'ils visitent de mani\u00e8re anonyme. <\/td><\/tr><tr style=\"height: 140px;\"><td class=\"u-border-1 u-border-grey-dark-1 u-table-cell u-table-cell-13\">_gat<\/td><td class=\"u-border-1 u-border-grey-dark-1 u-table-cell\">analytique<\/td><td class=\"u-border-1 u-border-grey-dark-1 u-table-cell\">1 minute<\/td><td class=\"u-border-1 u-border-grey-dark-1 u-table-cell\"> Google Universal Analytics d\u00e9finit ce cookie pour restreindre le taux de requ\u00eates et donc limiter la collecte de donn\u00e9es sur les sites \u00e0 fort trafic.<\/td><\/tr><tr style=\"height: 140px;\"><td class=\"u-border-1 u-border-grey-dark-1 u-table-cell u-table-cell-17\">cookielawinfo-checkbox-analiticas<\/td><td class=\"u-border-1 u-border-grey-dark-1 u-table-cell\">n\u00e9cessaire<\/td><td class=\"u-border-1 u-border-grey-dark-1 u-table-cell\">1 an<\/td><td class=\"u-border-1 u-border-grey-dark-1 u-table-cell\">D\u00e9fini par le module compl\u00e9mentaire de consentement aux cookies GDPR, ce cookie est utilis\u00e9 pour stocker le consentement de l'utilisateur pour les cookies de la cat\u00e9gorie.<\/td><\/tr><tr style=\"height: 140px;\"><td class=\"u-border-1 u-border-grey-dark-1 u-table-cell u-table-cell-21\">case \u00e0 cocher n\u00e9cessaire pour le droit de la concurrence<\/td><td class=\"u-border-1 u-border-grey-dark-1 u-table-cell\">n\u00e9cessaire<\/td><td class=\"u-border-1 u-border-grey-dark-1 u-table-cell\">1 an<\/td><td class=\"u-border-1 u-border-grey-dark-1 u-table-cell\">D\u00e9fini par le module compl\u00e9mentaire de consentement aux cookies du GDPR pour enregistrer le consentement de l'utilisateur pour les cookies de la cat\u00e9gorie \"n\u00e9cessaire\".<\/td><\/tr><\/tbody><\/table><\/div><h5 class=\"u-align-justify u-text u-text-21\" data-animation-name=\"\" data-animation-duration=\"0\" data-animation-delay=\"0\" data-animation-direction=\"\">7. Consentement<\/h5><p class=\"u-align-justify u-text u-text-22\">  Lorsque vous visitez notre site web pour la premi\u00e8re fois, nous affichons une fen\u00eatre contextuelle contenant des explications sur les cookies.\nD\u00e8s que vous cliquez sur \"Enregistrer les pr\u00e9f\u00e9rences\", vous acceptez que nous utilisions les cat\u00e9gories de cookies et de plugins que vous avez s\u00e9lectionn\u00e9es dans la fen\u00eatre contextuelle, comme d\u00e9crit dans la pr\u00e9sente politique en mati\u00e8re de cookies.\nVous pouvez d\u00e9sactiver l'utilisation des cookies via votre navigateur, mais veuillez noter que notre site web pourrait ne plus fonctionner correctement.  <\/p><h6 class=\"u-align-justify u-text u-text-23\">  7.1 G\u00e9rer vos param\u00e8tres de consentement<\/h6><div class=\"u-accordion u-accordion-1\"><div class=\"u-accordion-item\"> <a class=\"active u-accordion-link u-border-1 u-border-grey-75 u-button-style u-palette-2-light-3 u-text-black u-accordion-link-1\" id=\"link-03ec\" aria-controls=\"03ec\" aria-selected=\"true\"> <span class=\"u-accordion-link-text\">  Fonctionnel<\/span> <\/a><div class=\"u-accordion-active u-accordion-pane u-align-justify u-container-style u-accordion-pane-1\" id=\"03ec\" aria-labelledby=\"link-03ec\"><div class=\"u-container-layout u-container-layout-9\"><p class=\"u-text u-text-default u-text-24\">  Le stockage ou l'acc\u00e8s technique est strictement n\u00e9cessaire dans le but l\u00e9gitime de permettre l'utilisation d'un service sp\u00e9cifique explicitement demand\u00e9 par l'abonn\u00e9 ou l'utilisateur, ou dans le seul but d'effectuer la transmission d'une communication sur un r\u00e9seau de communications \u00e9lectroniques.<\/p><\/div><\/div><\/div><div class=\"u-accordion-item\"> <a class=\"u-accordion-link u-border-1 u-border-grey-75 u-button-style u-palette-2-light-3 u-text-black u-accordion-link-2\" id=\"link-2c66\" aria-controls=\"2c66\" aria-selected=\"false\"> <span class=\"u-accordion-link-text\">Statistiques<\/span> <\/a><div class=\"u-accordion-pane u-container-style u-accordion-pane-2\" id=\"2c66\" aria-labelledby=\"link-2c66\"><div class=\"u-container-layout u-container-layout-10\"><p class=\"u-text u-text-default u-text-25\">  le stockage ou l'acc\u00e8s technique utilis\u00e9 exclusivement \u00e0 des fins statistiques.<\/p><\/div><\/div><\/div><div class=\"u-accordion-item\"> <a class=\"u-accordion-link u-border-1 u-border-grey-75 u-button-style u-palette-2-light-3 u-text-black u-accordion-link-3\" id=\"link-cf52\" aria-controls=\"cf52\" aria-selected=\"false\"> <span class=\"u-accordion-link-text\">Marketing<\/span> <\/a><div class=\"u-accordion-pane u-align-justify u-container-style u-accordion-pane-3\" id=\"cf52\" aria-labelledby=\"link-cf52\"><div class=\"u-container-layout u-container-layout-11\"><p class=\"u-custom-font u-heading-font u-text u-text-default u-text-26\">  Le stockage ou l'acc\u00e8s technique est n\u00e9cessaire pour cr\u00e9er des profils d'utilisateurs afin d'envoyer de la publicit\u00e9, ou pour suivre l'utilisateur sur un ou plusieurs sites web \u00e0 des fins de marketing similaires.<\/p><\/div><\/div><\/div><\/div><h5 class=\"u-align-justify u-text u-text-27\" data-animation-name=\"\" data-animation-duration=\"0\" data-animation-delay=\"0\" data-animation-direction=\"\">  8.\nActivaci\u00f3n\/desactivaci\u00f3n y eliminaci\u00f3n de cookies <\/h5><p class=\"u-align-justify u-heading-font u-text u-text-28\">  Vous pouvez utiliser votre navigateur Internet pour supprimer les cookies automatiquement ou manuellement.\nVous pouvez \u00e9galement sp\u00e9cifier que certains cookies ne peuvent pas \u00eatre plac\u00e9s.\nVous pouvez \u00e9galement modifier les param\u00e8tres de votre navigateur Internet de mani\u00e8re \u00e0 recevoir un message chaque fois qu'un cookie est plac\u00e9.\nPour plus d'informations sur ces options, veuillez vous r\u00e9f\u00e9rer aux instructions de la section \"Aide\" de votre navigateur.   <br> <br>Veuillez noter que notre site web peut ne pas fonctionner correctement si tous les cookies sont d\u00e9sactiv\u00e9s.\nSi vous supprimez les cookies de votre navigateur, ils seront \u00e0 nouveau plac\u00e9s apr\u00e8s votre consentement lorsque vous visiterez \u00e0 nouveau nos sites web. <\/p><h5 class=\"u-align-justify u-text u-text-29\" data-animation-name=\"\" data-animation-duration=\"0\" data-animation-delay=\"0\" data-animation-direction=\"\">  9.\nTus derechos con respecto a los datos personales <\/h5><p class=\"u-align-justify u-heading-font u-text u-text-30\">  Vous disposez des droits suivants en ce qui concerne vos donn\u00e9es personnelles :<br><\/p><ul class=\"u-align-left u-text u-text-31\"><li>  Vous avez le droit de savoir pourquoi vos donn\u00e9es personnelles sont n\u00e9cessaires, ce qu'il en adviendra et combien de temps elles seront conserv\u00e9es.<\/li><li>Droit d'acc\u00e8s : vous avez le droit d'acc\u00e9der aux donn\u00e9es \u00e0 caract\u00e8re personnel vous concernant dont nous disposons.<\/li><li>Droit de rectification : vous avez le droit de compl\u00e9ter, de rectifier, de supprimer ou de bloquer vos donn\u00e9es \u00e0 caract\u00e8re personnel \u00e0 tout moment.<\/li><li>Si vous nous donnez votre accord pour traiter vos donn\u00e9es, vous avez le droit de r\u00e9voquer cet accord et de faire effacer vos donn\u00e9es personnelles.<\/li><li>Droit de transf\u00e9rer vos donn\u00e9es : vous avez le droit de demander au responsable du traitement de vous communiquer toutes vos donn\u00e9es \u00e0 caract\u00e8re personnel et de les transf\u00e9rer int\u00e9gralement \u00e0 un autre responsable du traitement.<\/li><li>Droit d'opposition : vous pouvez vous opposer au traitement de vos donn\u00e9es.\nNous nous y conformons, \u00e0 moins qu'il n'existe des motifs justifi\u00e9s pour le traitement. <\/li><\/ul><p class=\"u-align-justify u-heading-font u-text u-text-32\">  Pour exercer ces droits, veuillez nous contacter.\nVous trouverez nos coordonn\u00e9es au bas de la pr\u00e9sente politique en mati\u00e8re de cookies.\nSi vous avez des r\u00e9clamations concernant la mani\u00e8re dont nous traitons vos donn\u00e9es, nous aimerions les entendre, mais vous avez \u00e9galement le droit de d\u00e9poser une plainte aupr\u00e8s de l'autorit\u00e9 de surveillance (l'autorit\u00e9 de protection des donn\u00e9es).  <\/p><h5 class=\"u-align-justify u-text u-text-33\">  10.\nDatos de contacto <\/h5><p class=\"u-align-justify u-heading-font u-text u-text-34\"> <br> <br><br><br><br><br>&nbsp; <br>&nbsp;<br>Pour toute question et\/ou commentaire concernant notre politique en mati\u00e8re de cookies et la pr\u00e9sente d\u00e9claration, veuillez nous contacter en utilisant les coordonn\u00e9es suivantes : ELECU4TROE INGENIER\u00cdA INFORM\u00c1TICA P\u00ba de la Castellana 40 8\u00e8me \u00e9tage. 28046 - Madrid Espagne Web<a href=\"https:\/\/cloudsocservices.eu\/\" class=\"u-btn u-button-link u-button-style u-text-active-palette-1-light-1 u-text-hover-palette-1-base u-text-palette-2-base u-btn-3\" target=\"_blank\" data-animation-name=\"\" data-animation-duration=\"0\" data-animation-delay=\"0\" data-animation-direction=\"\">: https:\/\/cloudsocservices.eu\/<\/a> E-mail : info@l4e.es Num\u00e9ro de t\u00e9l\u00e9phone : 91 405 91 34<\/p><\/div><\/section>\t\t<\/div>\n\t\t\t\t<\/div>\n\t\t\t\t\t<\/div>\n\t\t<\/div>\n\t\t\t\t\t<\/div>\n\t\t<\/section>\n\t\t\t\t<\/div>\n\t\t","protected":false},"excerpt":{"rendered":"<p>Politique en mati\u00e8re de cookies (UE) Politique en mati\u00e8re de cookies (UE) La pr\u00e9sente politique en mati\u00e8re de cookies a \u00e9t\u00e9 mise \u00e0 jour pour la derni\u00e8re fois le 17 d\u00e9cembre 2021 et s&rsquo;applique aux citoyens et aux r\u00e9sidents permanents l\u00e9gaux de l&rsquo;Espace \u00e9conomique europ\u00e9en et de la Suisse. 1. Introducci\u00f3n Notre site web,&nbsp;&nbsp;https:\/\/cloudsocservices.eu\/ (ci-apr\u00e8s [&hellip;]<\/p>\n","protected":false},"author":2,"featured_media":0,"parent":0,"menu_order":0,"comment_status":"closed","ping_status":"closed","template":"","meta":{"site-sidebar-layout":"no-sidebar","site-content-layout":"page-builder","ast-site-content-layout":"full-width-container","site-content-style":"default","site-sidebar-style":"default","ast-global-header-display":"","ast-banner-title-visibility":"","ast-main-header-display":"","ast-hfb-above-header-display":"","ast-hfb-below-header-display":"","ast-hfb-mobile-header-display":"","site-post-title":"disabled","ast-breadcrumbs-content":"","ast-featured-img":"disabled","footer-sml-layout":"","theme-transparent-header-meta":"","adv-header-id-meta":"","stick-header-meta":"","header-above-stick-meta":"","header-main-stick-meta":"","header-below-stick-meta":"","astra-migrate-meta-layouts":"default","ast-page-background-enabled":"default","ast-page-background-meta":{"desktop":{"background-color":"","background-image":"","background-repeat":"repeat","background-position":"center center","background-size":"auto","background-attachment":"scroll","background-type":"","background-media":"","overlay-type":"","overlay-color":"","overlay-opacity":"","overlay-gradient":""},"tablet":{"background-color":"","background-image":"","background-repeat":"repeat","background-position":"center center","background-size":"auto","background-attachment":"scroll","background-type":"","background-media":"","overlay-type":"","overlay-color":"","overlay-opacity":"","overlay-gradient":""},"mobile":{"background-color":"","background-image":"","background-repeat":"repeat","background-position":"center center","background-size":"auto","background-attachment":"scroll","background-type":"","background-media":"","overlay-type":"","overlay-color":"","overlay-opacity":"","overlay-gradient":""}},"ast-content-background-meta":{"desktop":{"background-color":"var(--ast-global-color-5)","background-image":"","background-repeat":"repeat","background-position":"center center","background-size":"auto","background-attachment":"scroll","background-type":"","background-media":"","overlay-type":"","overlay-color":"","overlay-opacity":"","overlay-gradient":""},"tablet":{"background-color":"var(--ast-global-color-5)","background-image":"","background-repeat":"repeat","background-position":"center center","background-size":"auto","background-attachment":"scroll","background-type":"","background-media":"","overlay-type":"","overlay-color":"","overlay-opacity":"","overlay-gradient":""},"mobile":{"background-color":"var(--ast-global-color-5)","background-image":"","background-repeat":"repeat","background-position":"center center","background-size":"auto","background-attachment":"scroll","background-type":"","background-media":"","overlay-type":"","overlay-color":"","overlay-opacity":"","overlay-gradient":""}},"footnotes":""},"class_list":["post-5754","page","type-page","status-publish","hentry"],"_links":{"self":[{"href":"https:\/\/cloudsocservices.eu\/fr\/wp-json\/wp\/v2\/pages\/5754","targetHints":{"allow":["GET"]}}],"collection":[{"href":"https:\/\/cloudsocservices.eu\/fr\/wp-json\/wp\/v2\/pages"}],"about":[{"href":"https:\/\/cloudsocservices.eu\/fr\/wp-json\/wp\/v2\/types\/page"}],"author":[{"embeddable":true,"href":"https:\/\/cloudsocservices.eu\/fr\/wp-json\/wp\/v2\/users\/2"}],"replies":[{"embeddable":true,"href":"https:\/\/cloudsocservices.eu\/fr\/wp-json\/wp\/v2\/comments?post=5754"}],"version-history":[{"count":1,"href":"https:\/\/cloudsocservices.eu\/fr\/wp-json\/wp\/v2\/pages\/5754\/revisions"}],"predecessor-version":[{"id":5756,"href":"https:\/\/cloudsocservices.eu\/fr\/wp-json\/wp\/v2\/pages\/5754\/revisions\/5756"}],"wp:attachment":[{"href":"https:\/\/cloudsocservices.eu\/fr\/wp-json\/wp\/v2\/media?parent=5754"}],"curies":[{"name":"wp","href":"https:\/\/api.w.org\/{rel}","templated":true}]}}