{"id":5738,"date":"2024-06-14T01:25:34","date_gmt":"2024-06-14T01:25:34","guid":{"rendered":"https:\/\/cloudsocservices.eu\/politique-de-protection-des-donnees\/"},"modified":"2024-07-23T15:04:44","modified_gmt":"2024-07-23T15:04:44","slug":"politique-de-protection-des-donnees","status":"publish","type":"page","link":"https:\/\/cloudsocservices.eu\/fr\/politique-de-protection-des-donnees\/","title":{"rendered":"Politique de protection des donn\u00e9es"},"content":{"rendered":"\t\t<div data-elementor-type=\"wp-page\" data-elementor-id=\"5738\" class=\"elementor elementor-5738 elementor-5027\" data-elementor-post-type=\"page\">\n\t\t\t\t\t\t<section class=\"elementor-section elementor-top-section elementor-element elementor-element-a5d2625 elementor-section-boxed elementor-section-height-default elementor-section-height-default\" data-id=\"a5d2625\" data-element_type=\"section\">\n\t\t\t\t\t\t<div class=\"elementor-container elementor-column-gap-default\">\n\t\t\t\t\t<div class=\"elementor-column elementor-col-100 elementor-top-column elementor-element elementor-element-434c427\" data-id=\"434c427\" data-element_type=\"column\">\n\t\t\t<div class=\"elementor-widget-wrap elementor-element-populated\">\n\t\t\t\t\t\t<div class=\"elementor-element elementor-element-10244ca elementor-widget elementor-widget-heading\" data-id=\"10244ca\" data-element_type=\"widget\" data-widget_type=\"heading.default\">\n\t\t\t\t<div class=\"elementor-widget-container\">\n\t\t\t<h1 class=\"elementor-heading-title elementor-size-default\">Politique de protection des donn\u00e9es<\/h1>\t\t<\/div>\n\t\t\t\t<\/div>\n\t\t\t\t<div class=\"elementor-element elementor-element-83b78e4 elementor-widget elementor-widget-text-editor\" data-id=\"83b78e4\" data-element_type=\"widget\" data-widget_type=\"text-editor.default\">\n\t\t\t\t<div class=\"elementor-widget-container\">\n\t\t\t\t\t\t\t<p class=\"u-align-justify u-text u-text-2 animated customAnimationIn-played\" data-animation-name=\"customAnimationIn\" data-animation-duration=\"1500\">Les donn\u00e9es personnelles fournies par le biais de ce site web seront trait\u00e9es par INGENIER\u00cdA INFORM\u00c1TICA NETCOMPUTER ECUS S.L., son propri\u00e9taire, dont les coordonn\u00e9es sont les suivantes : Adresse : Calle Aguacate, 41. Bloc 3. B\u00e2timent. 3. <\/p>\n<p>T\u00e9l\u00e9phone : 916933469 &#8211; 914059134 Courriel :<a class=\"u-btn u-button-link u-button-style u-text-active-palette-1-light-1 u-text-hover-palette-1-base u-text-palette-2-base u-btn-1\" href=\"mailto:info@l4e.es\">info@l4e.es<\/a><\/p>\n<p>La finalit\u00e9 du traitement des donn\u00e9es est de pouvoir contacter l&rsquo;exp\u00e9diteur de l&rsquo;information, de r\u00e9pondre \u00e0 sa demande ou \u00e0 sa requ\u00eate et d&rsquo;y donner suite. Les donn\u00e9es seront trait\u00e9es sur la base juridique du consentement de la personne qui les fournit. Ce consentement peut \u00eatre retir\u00e9 \u00e0 tout moment, mais cela n&rsquo;affecte pas la l\u00e9galit\u00e9 des traitements effectu\u00e9s pr\u00e9c\u00e9demment. La communication de ces donn\u00e9es est volontaire, mais si elle n&rsquo;est pas effectu\u00e9e, aucune r\u00e9ponse ne sera apport\u00e9e \u00e0 la demande, \u00e0 l&rsquo;interrogation ou \u00e0 la plainte. Par cons\u00e9quent, la communication de vos donn\u00e9es \u00e0 caract\u00e8re personnel \u00e0 ces fins est une condition n\u00e9cessaire pour que nous puissions traiter les demandes formul\u00e9es de cette mani\u00e8re.<\/p>\n<p>Les donn\u00e9es seront conserv\u00e9es pendant la dur\u00e9e n\u00e9cessaire pour r\u00e9pondre \u00e0 votre demande, requ\u00eate, question ou plainte et pour la cl\u00f4turer d\u00e9finitivement. Par la suite, elles seront conserv\u00e9es en tant qu&rsquo;historique de communication, \u00e0 moins que vous ne demandiez leur suppression.<\/p>\n<p>Le propri\u00e9taire des donn\u00e9es a le droit de demander l&rsquo;acc\u00e8s aux donn\u00e9es, leur rectification ou leur effacement, ainsi que le droit de limiter leur traitement, de s&rsquo;opposer \u00e0 leur traitement et \u00e0 la portabilit\u00e9 de leurs donn\u00e9es, dans les cas pr\u00e9vus par le r\u00e8glement g\u00e9n\u00e9ral sur la protection des donn\u00e9es. Si vous estimez que vos droits ont \u00e9t\u00e9 viol\u00e9s, vous pouvez d\u00e9poser une plainte aupr\u00e8s de l&rsquo;Agence espagnole de protection des donn\u00e9es.<\/p>\n<p>Si des donn\u00e9es de tiers sont fournies par l&rsquo;interm\u00e9diaire de ce site web, la personne qui le fait assume la responsabilit\u00e9 de les informer \u00e0 l&rsquo;avance des dispositions de l&rsquo;article 14 du r\u00e8glement g\u00e9n\u00e9ral sur la protection des donn\u00e9es.<\/p>\n<p>L&rsquo;utilisateur est responsable de l&rsquo;exactitude des informations fournies par le biais de ce site web. \u00c0 cet effet, il est responsable de la v\u00e9racit\u00e9 de toutes les donn\u00e9es qu&rsquo;il communique et maintiendra les informations fournies \u00e0 jour, de mani\u00e8re \u00e0 ce qu&rsquo;elles correspondent \u00e0 sa situation r\u00e9elle. L&rsquo;utilisateur est responsable des informations fausses ou inexactes qu&rsquo;il fournit et des dommages qu&rsquo;elles peuvent causer au propri\u00e9taire du site ou \u00e0 des tiers.<\/p>\n<p>Le propri\u00e9taire de ce site web garantit la s\u00e9curit\u00e9 et la confidentialit\u00e9 des donn\u00e9es personnelles fournies. \u00c0 cette fin, elle a mis en \u0153uvre les mesures de s\u00e9curit\u00e9 techniques et organisationnelles n\u00e9cessaires pour \u00e9viter l&rsquo;alt\u00e9ration, la perte, le traitement ou l&rsquo;acc\u00e8s non autoris\u00e9, conform\u00e9ment aux dispositions de la r\u00e9glementation applicable.<\/p>\n\t\t\t\t\t\t<\/div>\n\t\t\t\t<\/div>\n\t\t\t\t\t<\/div>\n\t\t<\/div>\n\t\t\t\t\t<\/div>\n\t\t<\/section>\n\t\t\t\t<\/div>\n\t\t","protected":false},"excerpt":{"rendered":"<p>Politique de protection des donn\u00e9es Les donn\u00e9es personnelles fournies par le biais de ce site web seront trait\u00e9es par INGENIER\u00cdA INFORM\u00c1TICA NETCOMPUTER ECUS S.L., son propri\u00e9taire, dont les coordonn\u00e9es sont les suivantes : Adresse : Calle Aguacate, 41. Bloc 3. B\u00e2timent. 3. T\u00e9l\u00e9phone : 916933469 &#8211; 914059134 Courriel :info@l4e.es La finalit\u00e9 du traitement des donn\u00e9es [&hellip;]<\/p>\n","protected":false},"author":2,"featured_media":0,"parent":0,"menu_order":0,"comment_status":"closed","ping_status":"closed","template":"","meta":{"site-sidebar-layout":"no-sidebar","site-content-layout":"page-builder","ast-site-content-layout":"full-width-container","site-content-style":"unboxed","site-sidebar-style":"unboxed","ast-global-header-display":"","ast-banner-title-visibility":"","ast-main-header-display":"","ast-hfb-above-header-display":"","ast-hfb-below-header-display":"","ast-hfb-mobile-header-display":"","site-post-title":"disabled","ast-breadcrumbs-content":"","ast-featured-img":"disabled","footer-sml-layout":"","theme-transparent-header-meta":"default","adv-header-id-meta":"","stick-header-meta":"","header-above-stick-meta":"","header-main-stick-meta":"","header-below-stick-meta":"","astra-migrate-meta-layouts":"default","ast-page-background-enabled":"default","ast-page-background-meta":{"desktop":{"background-color":"","background-image":"","background-repeat":"repeat","background-position":"center center","background-size":"auto","background-attachment":"scroll","background-type":"","background-media":"","overlay-type":"","overlay-color":"","overlay-opacity":"","overlay-gradient":""},"tablet":{"background-color":"","background-image":"","background-repeat":"repeat","background-position":"center center","background-size":"auto","background-attachment":"scroll","background-type":"","background-media":"","overlay-type":"","overlay-color":"","overlay-opacity":"","overlay-gradient":""},"mobile":{"background-color":"","background-image":"","background-repeat":"repeat","background-position":"center center","background-size":"auto","background-attachment":"scroll","background-type":"","background-media":"","overlay-type":"","overlay-color":"","overlay-opacity":"","overlay-gradient":""}},"ast-content-background-meta":{"desktop":{"background-color":"var(--ast-global-color-5)","background-image":"","background-repeat":"repeat","background-position":"center center","background-size":"auto","background-attachment":"scroll","background-type":"","background-media":"","overlay-type":"","overlay-color":"","overlay-opacity":"","overlay-gradient":""},"tablet":{"background-color":"var(--ast-global-color-5)","background-image":"","background-repeat":"repeat","background-position":"center center","background-size":"auto","background-attachment":"scroll","background-type":"","background-media":"","overlay-type":"","overlay-color":"","overlay-opacity":"","overlay-gradient":""},"mobile":{"background-color":"var(--ast-global-color-5)","background-image":"","background-repeat":"repeat","background-position":"center center","background-size":"auto","background-attachment":"scroll","background-type":"","background-media":"","overlay-type":"","overlay-color":"","overlay-opacity":"","overlay-gradient":""}},"footnotes":""},"class_list":["post-5738","page","type-page","status-publish","hentry"],"_links":{"self":[{"href":"https:\/\/cloudsocservices.eu\/fr\/wp-json\/wp\/v2\/pages\/5738","targetHints":{"allow":["GET"]}}],"collection":[{"href":"https:\/\/cloudsocservices.eu\/fr\/wp-json\/wp\/v2\/pages"}],"about":[{"href":"https:\/\/cloudsocservices.eu\/fr\/wp-json\/wp\/v2\/types\/page"}],"author":[{"embeddable":true,"href":"https:\/\/cloudsocservices.eu\/fr\/wp-json\/wp\/v2\/users\/2"}],"replies":[{"embeddable":true,"href":"https:\/\/cloudsocservices.eu\/fr\/wp-json\/wp\/v2\/comments?post=5738"}],"version-history":[{"count":1,"href":"https:\/\/cloudsocservices.eu\/fr\/wp-json\/wp\/v2\/pages\/5738\/revisions"}],"predecessor-version":[{"id":5740,"href":"https:\/\/cloudsocservices.eu\/fr\/wp-json\/wp\/v2\/pages\/5738\/revisions\/5740"}],"wp:attachment":[{"href":"https:\/\/cloudsocservices.eu\/fr\/wp-json\/wp\/v2\/media?parent=5738"}],"curies":[{"name":"wp","href":"https:\/\/api.w.org\/{rel}","templated":true}]}}